{"id":15,"date":"2021-05-17T10:59:09","date_gmt":"2021-05-17T10:59:09","guid":{"rendered":"https:\/\/greenreparationsfoundation.org\/?page_id=15"},"modified":"2023-06-05T11:59:19","modified_gmt":"2023-06-05T11:59:19","slug":"nos-objectifs-nos-principes","status":"publish","type":"page","link":"https:\/\/greenreparationsfoundation.org\/?page_id=15","title":{"rendered":"Nos objectifs"},"content":{"rendered":"\n<p class=\"has-text-align-left has-medium-font-size\"> <mark style=\"background-color:rgba(0, 0, 0, 0)\" class=\"has-inline-color has-black-color\">   En 1968, la lutte pour des r\u00e9parations a \u00e9t\u00e9 initi\u00e9e par l&rsquo;Organisation Fraternelle (OF) (lire \u00ab\u00a0L&rsquo;Organisation Fraternelle, Noir sur Blanc\u00a0\u00bb, novembre 1998, Sylvio Michel et \u00ab\u00a0Combats Fraternels, Premier Pas d&rsquo;une Diaspora Africaine vers les R\u00e9parations\u00a0\u00bb, juillet 2017, Sylvio Michel) aujourd&rsquo;hui Verts Fraternels (VF), en mettant en place dans la non-violence, plusieurs actions et objectifs qui constituent la charte de la Green Reparations Foundation. Ainsi, dans la continuit\u00e9 de leurs combats men\u00e9s pour obtenir des r\u00e9parations et d\u00e9dommagements pour les familles dont les anc\u00eatres ont connu l&rsquo;esclavage, les objectifs de notre fondation qui se d\u00e9composent en quatre grands principes : <\/mark><\/p>\n\n\n\n<div style=\"height:90px\" aria-hidden=\"true\" class=\"wp-block-spacer\"><\/div>\n\n\n\n<p class=\"has-text-align-center has-large-font-size\"><strong><span style=\"color:#1baf0d\" class=\"has-inline-color\">Justice :<\/span><\/strong><\/p>\n\n\n\n<div style=\"height:30px\" aria-hidden=\"true\" class=\"wp-block-spacer\"><\/div>\n\n\n\n<p class=\"has-medium-font-size\"><mark style=\"background-color:rgba(0, 0, 0, 0)\" class=\"has-inline-color has-black-color\">186 ans apr\u00e8s la fin de l&rsquo;esclavage et de la traite n\u00e9gri\u00e8re, les s\u00e9quelles de ces \u00e9poques sont encore pr\u00e9sentes dans la soci\u00e9t\u00e9 \u00e0 Maurice. Les anciens esclaves et leurs descendants se sont retrouv\u00e9s sans capital immobilier et ont d\u00fb repartir de z\u00e9ro augmentant les in\u00e9galit\u00e9s puisque la majorit\u00e9 d&rsquo;entre eux vit sous le seuil de pauvret\u00e9 et ils font aujourd&rsquo;hui face \u00e0 une extr\u00eame pr\u00e9carit\u00e9 en termes de logement, d&#8217;emploi et d&rsquo;\u00e9ducation. <\/mark><\/p>\n\n\n\n<p class=\"has-medium-font-size\"><mark style=\"background-color:rgba(0, 0, 0, 0)\" class=\"has-inline-color has-black-color\">La GRF milite pour que cela change afin que les r\u00e9parations op\u00e8rent \u00e0 Maurice et que le pays soit un exemple aux familles descendantes d&rsquo;esclaves, ailleurs dans le monde, qui subissent les cons\u00e9quences du crime de l&rsquo;esclavage.<\/mark><\/p>\n\n\n\n<div style=\"height:90px\" aria-hidden=\"true\" class=\"wp-block-spacer\"><\/div>\n\n\n\n<p class=\"has-text-align-center has-large-font-size\"><strong><span style=\"color:#1baf0d\" class=\"has-inline-color\">V\u00e9rit\u00e9 historique :<\/span><\/strong><\/p>\n\n\n\n<div style=\"height:30px\" aria-hidden=\"true\" class=\"wp-block-spacer\"><\/div>\n\n\n\n<p class=\"has-medium-font-size\"><mark style=\"background-color:rgba(0, 0, 0, 0)\" class=\"has-inline-color has-black-color\">A travers le monde, de nombreux pays, en particulier les anciennes puissances coloniales, pratiquent ce qu&rsquo;on appelle la \u00ab\u00a0politique de l&rsquo;oubli\u00a0\u00bb qui consiste \u00e0 n\u00e9gliger et\/ou oublier volontairement certains pans de l&rsquo;histoire pour ne pas raviver un pass\u00e9 non assum\u00e9. Nous luttons pour faire la lumi\u00e8re sur ces \u00e9v\u00e9nements pass\u00e9s sous silence avant l&rsquo;ind\u00e9pendance du pays et encore tabou de nos jours. Il faut r\u00e9parer le crime de l&rsquo;esclavage, \u00e0 Maurice et dans le monde entier, en r\u00e9tablissant la v\u00e9rit\u00e9 sur les personnalit\u00e9s qui ont marqu\u00e9 le pays, positivement ou n\u00e9gativement. Il faut mettre \u00e0 disposition tous les outils n\u00e9cessaires pour conna\u00eetre l&rsquo;histoire sous tous ses angles en vue de r\u00e9parations de la part des \u00c9tats et institutions qui ont b\u00e9n\u00e9fici\u00e9 de l&rsquo;esclavage.<\/mark><\/p>\n\n\n\n<div style=\"height:90px\" aria-hidden=\"true\" class=\"wp-block-spacer\"><\/div>\n\n\n\n<p class=\"has-text-align-center has-large-font-size\"><strong><span style=\"color:#1baf0d\" class=\"has-inline-color\">Responsabiliser :<\/span><\/strong><\/p>\n\n\n\n<div style=\"height:30px\" aria-hidden=\"true\" class=\"wp-block-spacer\"><\/div>\n\n\n\n<p class=\"has-medium-font-size\"><mark style=\"background-color:rgba(0, 0, 0, 0)\" class=\"has-inline-color has-black-color\">Pour mettre en place la GRF, les VF ont eu \u00e0 surmonter d&rsquo;innombrables obstacles en raison de la r\u00e9ticence, voire du refus, de certains hommes de loi contact\u00e9s, notamment des notaires, pour enclencher la proc\u00e9dure <\/mark>d<mark style=\"background-color:rgba(0, 0, 0, 0)\" class=\"has-inline-color has-black-color\">&lsquo;enregistrement l\u00e9gal aupr\u00e8s du <em>Registrar of Companies<\/em> en vue d&rsquo;un statut l\u00e9gal pour op\u00e9rer dans le pays. Ce n&rsquo;estque cinq ans apr\u00e8s que la GRF a \u00e9t\u00e9 enregistr\u00e9e e<\/mark>t qu&rsquo;elle a obtenu <mark style=\"background-color:rgba(0, 0, 0, 0)\" class=\"has-inline-color has-black-color\">son certificat et son permis <\/mark>pour <mark style=\"background-color:rgba(0, 0, 0, 0)\" class=\"has-inline-color has-black-color\">op\u00e9rer sur le sol mauricien. <\/mark><\/p>\n\n\n\n<p class=\"has-medium-font-size\"><mark style=\"background-color:rgba(0, 0, 0, 0)\" class=\"has-inline-color has-black-color\">Ensuite, les VF ont pris contact avec les anciennes puissances, le gouvernement et les organismes priv\u00e9s mauriciens concern\u00e9s par la question des r\u00e9parations. Le but \u00e9tait de les informer de la mise sur pied de cette fondation et de les inviter \u00e0 se faire repr\u00e9senter au sein du conseil d&rsquo;administration. <\/mark><\/p>\n\n\n\n<p class=\"has-medium-font-size\"><mark style=\"background-color:rgba(0, 0, 0, 0)\" class=\"has-inline-color has-black-color\">Depuis la cr\u00e9ation de la GRF, nous avons multipli\u00e9 les manifestations (<a href=\"https:\/\/greenreparationsfoundation.org\/?p=463\">GRF devant le MTC<\/a>, <a href=\"https:\/\/greenreparationsfoundation.org\/?p=490\">Journ\u00e9e internationale du Kreol devant le Parlement<\/a>) et les envois de courrier, entre autres, aupr\u00e8s du Premier Ministre mauricien, des responsables du Mauritius Turf Cluf (MTC) et de la Mauritius Commercial Bank (MCB) afin que les autorit\u00e9s publiques et priv\u00e9es \u00e0 Maurice prennent leurs responsabilit\u00e9s. Nous souhaitons que celles-ci, ainsi que les gouvernements \u00e9trangers ayant profit\u00e9 de ce crime contre l&rsquo;humanit\u00e9, assument leur devoir de r\u00e9parations en versant des d\u00e9dommagements \u00e9conomiques et apportent des aides juridiques et sociales aux descendant.<\/mark>e.<mark style=\"background-color:rgba(0, 0, 0, 0)\" class=\"has-inline-color has-black-color\">s d&rsquo;esclaves qui continuent d&rsquo;\u00eatre affect\u00e9.<\/mark>e.<mark style=\"background-color:rgba(0, 0, 0, 0)\" class=\"has-inline-color has-black-color\">s 186 ans apr\u00e8s l&rsquo;abolition de l&rsquo;esclavage \u00e0 Maurice.<\/mark><\/p>\n\n\n\n<div style=\"height:90px\" aria-hidden=\"true\" class=\"wp-block-spacer\"><\/div>\n\n\n\n<p class=\"has-text-align-center has-large-font-size\"><strong><span style=\"color:#1baf0d\" class=\"has-inline-color\">Une lutte pour les g\u00e9n\u00e9rations futures :<\/span><\/strong><\/p>\n\n\n\n<div style=\"height:30px\" aria-hidden=\"true\" class=\"wp-block-spacer\"><\/div>\n\n\n\n<p class=\"has-medium-font-size\"><mark style=\"background-color:rgba(0, 0, 0, 0)\" class=\"has-inline-color has-black-color\">En plus de lutter pour que les patrimoines historiques et identitaires des futures g\u00e9n\u00e9rations soient pr\u00e9serv\u00e9s de l&rsquo;oubli, nous militons \u00e9galement pour que les r\u00e9parations op\u00e9r\u00e9es respectent le d\u00e9veloppement durable. L&rsquo;urgence climatique est aujourd&rsquo;hui ind\u00e9niable. Pour ne pas compromettre l&rsquo;avenir des prochaines g\u00e9n\u00e9rations, nous orientons les r\u00e9parations vers des solutions respectueuses de l&rsquo;environnement (notamment pour les logements sociaux et les emplois). Cette optique d&rsquo;\u00e9conomie verte sera b\u00e9n\u00e9fique \u00e0 la population mauricienne. Nous esp\u00e9rons que notre d\u00e9marche inspire d&rsquo;autres pays et qu&rsquo;on prenne conscience que les r\u00e9parations aux descendant.e.s d&rsquo;esclaves puissent se faire dans une perspective \u00e9cologique et donc dans la non-violence et pour le bien commun.<\/mark><\/p>\n","protected":false},"excerpt":{"rendered":"<p>En 1968, la lutte pour des r\u00e9parations a \u00e9t\u00e9 initi\u00e9e par l&rsquo;Organisation Fraternelle (OF) (lire \u00ab\u00a0L&rsquo;Organisation Fraternelle, Noir sur Blanc\u00a0\u00bb, novembre 1998, Sylvio Michel et \u00ab\u00a0Combats Fraternels, Premier Pas d&rsquo;une Diaspora Africaine vers les R\u00e9parations\u00a0\u00bb, juillet 2017, Sylvio Michel) aujourd&rsquo;hui Verts Fraternels (VF), en mettant en place dans la non-violence, plusieurs actions et objectifs qui [&hellip;]<\/p>\n","protected":false},"author":1,"featured_media":0,"parent":0,"menu_order":0,"comment_status":"closed","ping_status":"closed","template":"","meta":{"_regular_price":[],"currency_symbol":[],"footnotes":""},"class_list":["post-15","page","type-page","status-publish","hentry"],"post_slider_layout_featured_media_urls":{"thumbnail":"","post_slider_layout_landscape_large":"","post_slider_layout_portrait_large":"","post_slider_layout_square_large":"","post_slider_layout_landscape":"","post_slider_layout_portrait":"","post_slider_layout_square":"","full":""},"yoast_head":"<!-- This site is optimized with the Yoast SEO plugin v27.4 - https:\/\/yoast.com\/product\/yoast-seo-wordpress\/ -->\n<title>Nos objectifs - Green Reparations Foundation<\/title>\n<meta name=\"description\" content=\"Dans la continuit\u00e9 des combats men\u00e9s pour obtenir des r\u00e9parations et d\u00e9dommagements, nos objectifs se d\u00e9composent en quatre grands principes\" \/>\n<meta name=\"robots\" content=\"index, follow, max-snippet:-1, max-image-preview:large, max-video-preview:-1\" \/>\n<link rel=\"canonical\" href=\"https:\/\/greenreparationsfoundation.org\/?page_id=15\" \/>\n<meta property=\"og:locale\" content=\"fr_FR\" \/>\n<meta property=\"og:type\" content=\"article\" \/>\n<meta property=\"og:title\" content=\"Nos objectifs - Green Reparations Foundation\" \/>\n<meta property=\"og:description\" content=\"Dans la continuit\u00e9 des combats men\u00e9s pour obtenir des r\u00e9parations et d\u00e9dommagements, nos objectifs se d\u00e9composent en quatre grands principes\" \/>\n<meta property=\"og:url\" content=\"https:\/\/greenreparationsfoundation.org\/?page_id=15\" \/>\n<meta property=\"og:site_name\" content=\"Green Reparations Foundation\" \/>\n<meta property=\"article:modified_time\" content=\"2023-06-05T11:59:19+00:00\" \/>\n<meta name=\"twitter:card\" content=\"summary_large_image\" \/>\n<meta name=\"twitter:label1\" content=\"Dur\u00e9e de lecture estim\u00e9e\" \/>\n\t<meta name=\"twitter:data1\" content=\"4 minutes\" \/>\n<script type=\"application\/ld+json\" class=\"yoast-schema-graph\">{\"@context\":\"https:\\\/\\\/schema.org\",\"@graph\":[{\"@type\":\"WebPage\",\"@id\":\"https:\\\/\\\/greenreparationsfoundation.org\\\/?page_id=15\",\"url\":\"https:\\\/\\\/greenreparationsfoundation.org\\\/?page_id=15\",\"name\":\"Nos objectifs - Green Reparations Foundation\",\"isPartOf\":{\"@id\":\"https:\\\/\\\/greenreparationsfoundation.org\\\/#website\"},\"datePublished\":\"2021-05-17T10:59:09+00:00\",\"dateModified\":\"2023-06-05T11:59:19+00:00\",\"description\":\"Dans la continuit\u00e9 des combats men\u00e9s pour obtenir des r\u00e9parations et d\u00e9dommagements, nos objectifs se d\u00e9composent en quatre grands principes\",\"breadcrumb\":{\"@id\":\"https:\\\/\\\/greenreparationsfoundation.org\\\/?page_id=15#breadcrumb\"},\"inLanguage\":\"fr-FR\",\"potentialAction\":[{\"@type\":\"ReadAction\",\"target\":[\"https:\\\/\\\/greenreparationsfoundation.org\\\/?page_id=15\"]}]},{\"@type\":\"BreadcrumbList\",\"@id\":\"https:\\\/\\\/greenreparationsfoundation.org\\\/?page_id=15#breadcrumb\",\"itemListElement\":[{\"@type\":\"ListItem\",\"position\":1,\"name\":\"Accueil\",\"item\":\"https:\\\/\\\/greenreparationsfoundation.org\\\/\"},{\"@type\":\"ListItem\",\"position\":2,\"name\":\"Nos objectifs\"}]},{\"@type\":\"WebSite\",\"@id\":\"https:\\\/\\\/greenreparationsfoundation.org\\\/#website\",\"url\":\"https:\\\/\\\/greenreparationsfoundation.org\\\/\",\"name\":\"Green Reparations Foundation\",\"description\":\"\",\"potentialAction\":[{\"@type\":\"SearchAction\",\"target\":{\"@type\":\"EntryPoint\",\"urlTemplate\":\"https:\\\/\\\/greenreparationsfoundation.org\\\/?s={search_term_string}\"},\"query-input\":{\"@type\":\"PropertyValueSpecification\",\"valueRequired\":true,\"valueName\":\"search_term_string\"}}],\"inLanguage\":\"fr-FR\"}]}<\/script>\n<!-- \/ Yoast SEO plugin. -->","yoast_head_json":{"title":"Nos objectifs - Green Reparations Foundation","description":"Dans la continuit\u00e9 des combats men\u00e9s pour obtenir des r\u00e9parations et d\u00e9dommagements, nos objectifs se d\u00e9composent en quatre grands principes","robots":{"index":"index","follow":"follow","max-snippet":"max-snippet:-1","max-image-preview":"max-image-preview:large","max-video-preview":"max-video-preview:-1"},"canonical":"https:\/\/greenreparationsfoundation.org\/?page_id=15","og_locale":"fr_FR","og_type":"article","og_title":"Nos objectifs - Green Reparations Foundation","og_description":"Dans la continuit\u00e9 des combats men\u00e9s pour obtenir des r\u00e9parations et d\u00e9dommagements, nos objectifs se d\u00e9composent en quatre grands principes","og_url":"https:\/\/greenreparationsfoundation.org\/?page_id=15","og_site_name":"Green Reparations Foundation","article_modified_time":"2023-06-05T11:59:19+00:00","twitter_card":"summary_large_image","twitter_misc":{"Dur\u00e9e de lecture estim\u00e9e":"4 minutes"},"schema":{"@context":"https:\/\/schema.org","@graph":[{"@type":"WebPage","@id":"https:\/\/greenreparationsfoundation.org\/?page_id=15","url":"https:\/\/greenreparationsfoundation.org\/?page_id=15","name":"Nos objectifs - Green Reparations Foundation","isPartOf":{"@id":"https:\/\/greenreparationsfoundation.org\/#website"},"datePublished":"2021-05-17T10:59:09+00:00","dateModified":"2023-06-05T11:59:19+00:00","description":"Dans la continuit\u00e9 des combats men\u00e9s pour obtenir des r\u00e9parations et d\u00e9dommagements, nos objectifs se d\u00e9composent en quatre grands principes","breadcrumb":{"@id":"https:\/\/greenreparationsfoundation.org\/?page_id=15#breadcrumb"},"inLanguage":"fr-FR","potentialAction":[{"@type":"ReadAction","target":["https:\/\/greenreparationsfoundation.org\/?page_id=15"]}]},{"@type":"BreadcrumbList","@id":"https:\/\/greenreparationsfoundation.org\/?page_id=15#breadcrumb","itemListElement":[{"@type":"ListItem","position":1,"name":"Accueil","item":"https:\/\/greenreparationsfoundation.org\/"},{"@type":"ListItem","position":2,"name":"Nos objectifs"}]},{"@type":"WebSite","@id":"https:\/\/greenreparationsfoundation.org\/#website","url":"https:\/\/greenreparationsfoundation.org\/","name":"Green Reparations Foundation","description":"","potentialAction":[{"@type":"SearchAction","target":{"@type":"EntryPoint","urlTemplate":"https:\/\/greenreparationsfoundation.org\/?s={search_term_string}"},"query-input":{"@type":"PropertyValueSpecification","valueRequired":true,"valueName":"search_term_string"}}],"inLanguage":"fr-FR"}]}},"_links":{"self":[{"href":"https:\/\/greenreparationsfoundation.org\/index.php?rest_route=\/wp\/v2\/pages\/15","targetHints":{"allow":["GET"]}}],"collection":[{"href":"https:\/\/greenreparationsfoundation.org\/index.php?rest_route=\/wp\/v2\/pages"}],"about":[{"href":"https:\/\/greenreparationsfoundation.org\/index.php?rest_route=\/wp\/v2\/types\/page"}],"author":[{"embeddable":true,"href":"https:\/\/greenreparationsfoundation.org\/index.php?rest_route=\/wp\/v2\/users\/1"}],"replies":[{"embeddable":true,"href":"https:\/\/greenreparationsfoundation.org\/index.php?rest_route=%2Fwp%2Fv2%2Fcomments&post=15"}],"version-history":[{"count":15,"href":"https:\/\/greenreparationsfoundation.org\/index.php?rest_route=\/wp\/v2\/pages\/15\/revisions"}],"predecessor-version":[{"id":1014,"href":"https:\/\/greenreparationsfoundation.org\/index.php?rest_route=\/wp\/v2\/pages\/15\/revisions\/1014"}],"wp:attachment":[{"href":"https:\/\/greenreparationsfoundation.org\/index.php?rest_route=%2Fwp%2Fv2%2Fmedia&parent=15"}],"curies":[{"name":"wp","href":"https:\/\/api.w.org\/{rel}","templated":true}]}}