{"id":17,"date":"2021-05-17T10:59:10","date_gmt":"2021-05-17T10:59:10","guid":{"rendered":"https:\/\/greenreparationsfoundation.org\/?page_id=17"},"modified":"2021-07-22T14:15:59","modified_gmt":"2021-07-22T14:15:59","slug":"nos-membres-connaitre-green-reparations-foundation-nos-membres","status":"publish","type":"page","link":"https:\/\/greenreparationsfoundation.org\/?page_id=17","title":{"rendered":"Nos membres"},"content":{"rendered":"\n<div style=\"height:30px\" aria-hidden=\"true\" class=\"wp-block-spacer\"><\/div>\n\n\n\n<p class=\"has-medium-font-size\"><span class=\"has-inline-color has-black-color\">M. Louis Sylvio MICHEL &#8211; Pr\u00e9sident de la Fondation <\/span><\/p>\n\n\n\n<div style=\"height:40px\" aria-hidden=\"true\" class=\"wp-block-spacer\"><\/div>\n\n\n\n<p class=\"has-medium-font-size\"><span class=\"has-inline-color has-black-color\">Mme Daniella Lise Nicole POLICE-MICHEL &#8211; Vice Pr\u00e9sidente<\/span><\/p>\n\n\n\n<div style=\"height:40px\" aria-hidden=\"true\" class=\"wp-block-spacer\"><\/div>\n\n\n\n<p class=\"has-medium-font-size\"><span class=\"has-inline-color has-black-color\">M. Didier Jean Beno\u00eet MICHEL &#8211; Secr\u00e9taire<\/span><\/p>\n\n\n\n<div style=\"height:40px\" aria-hidden=\"true\" class=\"wp-block-spacer\"><\/div>\n\n\n\n<p class=\"has-medium-font-size\"><span class=\"has-inline-color has-black-color\">Mme Marie-No\u00eblle STE MARIE &#8211; Tr\u00e9sori\u00e8re<\/span><\/p>\n\n\n\n<div style=\"height:40px\" aria-hidden=\"true\" class=\"wp-block-spacer\"><\/div>\n\n\n\n<p class=\"has-medium-font-size\"><span class=\"has-inline-color has-black-color\">M. Eddy MICHEL &#8211; Assistant-Tr\u00e9sorier<\/span><\/p>\n\n\n\n<div style=\"height:40px\" aria-hidden=\"true\" class=\"wp-block-spacer\"><\/div>\n\n\n\n<p class=\"has-medium-font-size\"><span class=\"has-inline-color has-black-color\">Mlle Marie Lourdes CHELVAN &#8211; Membre<\/span><\/p>\n\n\n\n<div style=\"height:40px\" aria-hidden=\"true\" class=\"wp-block-spacer\"><\/div>\n\n\n\n<p class=\"has-medium-font-size\"><span class=\"has-inline-color has-black-color\">Mme Marie MARISSON &#8211; Membre<\/span><\/p>\n\n\n\n<div style=\"height:40px\" aria-hidden=\"true\" class=\"wp-block-spacer\"><\/div>\n\n\n\n<p class=\"has-medium-font-size\"><span class=\"has-inline-color has-black-color\">Mme Marie Rosinette EDOUARD &#8211; Membre<\/span><\/p>\n\n\n\n<div style=\"height:40px\" aria-hidden=\"true\" class=\"wp-block-spacer\"><\/div>\n\n\n\n<p class=\"has-medium-font-size\"><span class=\"has-inline-color has-black-color\">M. Pierre Reginald Soureth NACKEED &#8211; Membre<\/span><\/p>\n\n\n\n<div style=\"height:40px\" aria-hidden=\"true\" class=\"wp-block-spacer\"><\/div>\n\n\n\n<p class=\"has-medium-font-size\"><span class=\"has-inline-color has-black-color\">M. Sawdic PIERRE &#8211; Membre<\/span><\/p>\n\n\n\n<div style=\"height:40px\" aria-hidden=\"true\" class=\"wp-block-spacer\"><\/div>\n\n\n\n<p class=\"has-medium-font-size\"><span class=\"has-inline-color has-black-color\">M. Sylvio Cyrill LEGALLANT &#8211; Membre<\/span><\/p>\n\n\n\n<div style=\"height:40px\" aria-hidden=\"true\" class=\"wp-block-spacer\"><\/div>\n","protected":false},"excerpt":{"rendered":"<p>M. Louis Sylvio MICHEL &#8211; Pr\u00e9sident de la Fondation Mme Daniella Lise Nicole POLICE-MICHEL &#8211; Vice Pr\u00e9sidente M. Didier Jean Beno\u00eet MICHEL &#8211; Secr\u00e9taire Mme Marie-No\u00eblle STE MARIE &#8211; Tr\u00e9sori\u00e8re M. Eddy MICHEL &#8211; Assistant-Tr\u00e9sorier Mlle Marie Lourdes CHELVAN &#8211; Membre Mme Marie MARISSON &#8211; Membre Mme Marie Rosinette EDOUARD &#8211; Membre M. Pierre Reginald [&hellip;]<\/p>\n","protected":false},"author":1,"featured_media":0,"parent":0,"menu_order":0,"comment_status":"closed","ping_status":"closed","template":"","meta":{"_regular_price":[],"currency_symbol":[],"footnotes":""},"class_list":["post-17","page","type-page","status-publish","hentry"],"post_slider_layout_featured_media_urls":{"thumbnail":"","post_slider_layout_landscape_large":"","post_slider_layout_portrait_large":"","post_slider_layout_square_large":"","post_slider_layout_landscape":"","post_slider_layout_portrait":"","post_slider_layout_square":"","full":""},"yoast_head":"<!-- This site is optimized with the Yoast SEO plugin v27.4 - https:\/\/yoast.com\/product\/yoast-seo-wordpress\/ -->\n<title>Nos membres - Green Reparations Foundation<\/title>\n<meta name=\"description\" content=\"D\u00e9couvrez les membres qui s&#039;investissent chaque jour dans la Green Reparations Foundation\" \/>\n<meta name=\"robots\" content=\"index, follow, max-snippet:-1, max-image-preview:large, max-video-preview:-1\" \/>\n<link rel=\"canonical\" href=\"https:\/\/greenreparationsfoundation.org\/?page_id=17\" \/>\n<meta property=\"og:locale\" content=\"fr_FR\" \/>\n<meta property=\"og:type\" content=\"article\" \/>\n<meta property=\"og:title\" content=\"Nos membres - Green Reparations Foundation\" \/>\n<meta property=\"og:description\" content=\"D\u00e9couvrez les membres qui s&#039;investissent chaque jour dans la Green Reparations Foundation\" \/>\n<meta property=\"og:url\" content=\"https:\/\/greenreparationsfoundation.org\/?page_id=17\" \/>\n<meta property=\"og:site_name\" content=\"Green Reparations Foundation\" \/>\n<meta property=\"article:modified_time\" content=\"2021-07-22T14:15:59+00:00\" \/>\n<meta name=\"twitter:card\" content=\"summary_large_image\" \/>\n<meta name=\"twitter:label1\" content=\"Dur\u00e9e de lecture estim\u00e9e\" \/>\n\t<meta name=\"twitter:data1\" content=\"1 minute\" \/>\n<script type=\"application\/ld+json\" class=\"yoast-schema-graph\">{\"@context\":\"https:\\\/\\\/schema.org\",\"@graph\":[{\"@type\":\"WebPage\",\"@id\":\"https:\\\/\\\/greenreparationsfoundation.org\\\/?page_id=17\",\"url\":\"https:\\\/\\\/greenreparationsfoundation.org\\\/?page_id=17\",\"name\":\"Nos membres - Green Reparations Foundation\",\"isPartOf\":{\"@id\":\"https:\\\/\\\/greenreparationsfoundation.org\\\/#website\"},\"datePublished\":\"2021-05-17T10:59:10+00:00\",\"dateModified\":\"2021-07-22T14:15:59+00:00\",\"description\":\"D\u00e9couvrez les membres qui s'investissent chaque jour dans la Green Reparations Foundation\",\"breadcrumb\":{\"@id\":\"https:\\\/\\\/greenreparationsfoundation.org\\\/?page_id=17#breadcrumb\"},\"inLanguage\":\"fr-FR\",\"potentialAction\":[{\"@type\":\"ReadAction\",\"target\":[\"https:\\\/\\\/greenreparationsfoundation.org\\\/?page_id=17\"]}]},{\"@type\":\"BreadcrumbList\",\"@id\":\"https:\\\/\\\/greenreparationsfoundation.org\\\/?page_id=17#breadcrumb\",\"itemListElement\":[{\"@type\":\"ListItem\",\"position\":1,\"name\":\"Accueil\",\"item\":\"https:\\\/\\\/greenreparationsfoundation.org\\\/\"},{\"@type\":\"ListItem\",\"position\":2,\"name\":\"Nos membres\"}]},{\"@type\":\"WebSite\",\"@id\":\"https:\\\/\\\/greenreparationsfoundation.org\\\/#website\",\"url\":\"https:\\\/\\\/greenreparationsfoundation.org\\\/\",\"name\":\"Green Reparations Foundation\",\"description\":\"\",\"potentialAction\":[{\"@type\":\"SearchAction\",\"target\":{\"@type\":\"EntryPoint\",\"urlTemplate\":\"https:\\\/\\\/greenreparationsfoundation.org\\\/?s={search_term_string}\"},\"query-input\":{\"@type\":\"PropertyValueSpecification\",\"valueRequired\":true,\"valueName\":\"search_term_string\"}}],\"inLanguage\":\"fr-FR\"}]}<\/script>\n<!-- \/ Yoast SEO plugin. -->","yoast_head_json":{"title":"Nos membres - Green Reparations Foundation","description":"D\u00e9couvrez les membres qui s'investissent chaque jour dans la Green Reparations Foundation","robots":{"index":"index","follow":"follow","max-snippet":"max-snippet:-1","max-image-preview":"max-image-preview:large","max-video-preview":"max-video-preview:-1"},"canonical":"https:\/\/greenreparationsfoundation.org\/?page_id=17","og_locale":"fr_FR","og_type":"article","og_title":"Nos membres - Green Reparations Foundation","og_description":"D\u00e9couvrez les membres qui s'investissent chaque jour dans la Green Reparations Foundation","og_url":"https:\/\/greenreparationsfoundation.org\/?page_id=17","og_site_name":"Green Reparations Foundation","article_modified_time":"2021-07-22T14:15:59+00:00","twitter_card":"summary_large_image","twitter_misc":{"Dur\u00e9e de lecture estim\u00e9e":"1 minute"},"schema":{"@context":"https:\/\/schema.org","@graph":[{"@type":"WebPage","@id":"https:\/\/greenreparationsfoundation.org\/?page_id=17","url":"https:\/\/greenreparationsfoundation.org\/?page_id=17","name":"Nos membres - Green Reparations Foundation","isPartOf":{"@id":"https:\/\/greenreparationsfoundation.org\/#website"},"datePublished":"2021-05-17T10:59:10+00:00","dateModified":"2021-07-22T14:15:59+00:00","description":"D\u00e9couvrez les membres qui s'investissent chaque jour dans la Green Reparations Foundation","breadcrumb":{"@id":"https:\/\/greenreparationsfoundation.org\/?page_id=17#breadcrumb"},"inLanguage":"fr-FR","potentialAction":[{"@type":"ReadAction","target":["https:\/\/greenreparationsfoundation.org\/?page_id=17"]}]},{"@type":"BreadcrumbList","@id":"https:\/\/greenreparationsfoundation.org\/?page_id=17#breadcrumb","itemListElement":[{"@type":"ListItem","position":1,"name":"Accueil","item":"https:\/\/greenreparationsfoundation.org\/"},{"@type":"ListItem","position":2,"name":"Nos membres"}]},{"@type":"WebSite","@id":"https:\/\/greenreparationsfoundation.org\/#website","url":"https:\/\/greenreparationsfoundation.org\/","name":"Green Reparations Foundation","description":"","potentialAction":[{"@type":"SearchAction","target":{"@type":"EntryPoint","urlTemplate":"https:\/\/greenreparationsfoundation.org\/?s={search_term_string}"},"query-input":{"@type":"PropertyValueSpecification","valueRequired":true,"valueName":"search_term_string"}}],"inLanguage":"fr-FR"}]}},"_links":{"self":[{"href":"https:\/\/greenreparationsfoundation.org\/index.php?rest_route=\/wp\/v2\/pages\/17","targetHints":{"allow":["GET"]}}],"collection":[{"href":"https:\/\/greenreparationsfoundation.org\/index.php?rest_route=\/wp\/v2\/pages"}],"about":[{"href":"https:\/\/greenreparationsfoundation.org\/index.php?rest_route=\/wp\/v2\/types\/page"}],"author":[{"embeddable":true,"href":"https:\/\/greenreparationsfoundation.org\/index.php?rest_route=\/wp\/v2\/users\/1"}],"replies":[{"embeddable":true,"href":"https:\/\/greenreparationsfoundation.org\/index.php?rest_route=%2Fwp%2Fv2%2Fcomments&post=17"}],"version-history":[{"count":7,"href":"https:\/\/greenreparationsfoundation.org\/index.php?rest_route=\/wp\/v2\/pages\/17\/revisions"}],"predecessor-version":[{"id":645,"href":"https:\/\/greenreparationsfoundation.org\/index.php?rest_route=\/wp\/v2\/pages\/17\/revisions\/645"}],"wp:attachment":[{"href":"https:\/\/greenreparationsfoundation.org\/index.php?rest_route=%2Fwp%2Fv2%2Fmedia&parent=17"}],"curies":[{"name":"wp","href":"https:\/\/api.w.org\/{rel}","templated":true}]}}