{"id":240,"date":"2021-06-14T17:26:12","date_gmt":"2021-06-14T17:26:12","guid":{"rendered":"https:\/\/greenreparationsfoundation.org\/?page_id=240"},"modified":"2021-07-06T16:01:50","modified_gmt":"2021-07-06T16:01:50","slug":"reparations-obtenues-apres-des-annees-de-lutte","status":"publish","type":"page","link":"https:\/\/greenreparationsfoundation.org\/?page_id=240","title":{"rendered":"Nos r\u00e9ussites depuis 1968"},"content":{"rendered":"\n<div style=\"height:30px\" aria-hidden=\"true\" class=\"wp-block-spacer\"><\/div>\n\n\n\n<div class=\"wp-block-columns is-layout-flex wp-container-core-columns-is-layout-9d6595d7 wp-block-columns-is-layout-flex\">\n<div class=\"wp-block-column is-layout-flow wp-block-column-is-layout-flow\" style=\"flex-basis:100%\">\n<p class=\"has-medium-font-size\"><span class=\"has-inline-color has-black-color\">La lutte pour les r\u00e9parations dans le contexte mauricien a commenc\u00e9 d\u00e8s 1968 avec la mise sur pied de l&rsquo;Organisation Fraternelle (OF). L&rsquo;OF \u00e9tait une ONG qui est rapidement entr\u00e9e\u00a0dans le champ d&rsquo;action politique\u00a0o\u00f9 elle a commenc\u00e9 en apportant\u00a0son soutien au nouveau parti politique, le MMM, pour les premi\u00e8res \u00e9lections de l&rsquo;\u00eele Maurice ind\u00e9pendante en d\u00e9cembre 1976. Ensuite, l&rsquo;ONG a cr\u00e9\u00e9 son propre parti qui en optant pour l&rsquo;\u00e9cologie politique d\u00e8s\u00a01989, a pris le nom de Verts Fraternels (VF).\u00a0Apr\u00e8s des ann\u00e9es de lutte, voici les <\/span><a href=\"https:\/\/greenreparationsfoundation.org\/?cat=23\">r\u00e9parations obtenues<\/a> <span class=\"has-inline-color has-black-color\">par les VF.<\/span><\/p>\n\n\n\n<div style=\"height:30px\" aria-hidden=\"true\" class=\"wp-block-spacer\"><\/div>\n\n\n\n<p class=\"has-medium-font-size\"><span class=\"has-inline-color has-black-color\">En mettant en place la&nbsp;<em>Green Reparations Foundation<\/em>, les membres des Verts Fraternels ont voulu passer le relai \u00e0 une structure non gouvernementale pour que celles-ci s&rsquo;occupe sp\u00e9cifiquement du suivi des r\u00e9sultats obtenus \u00e0 partir leurs luttes politiques pour les r\u00e9parations.&nbsp;Voici les activit\u00e9s et <a href=\"https:\/\/greenreparationsfoundation.org\/?cat=19\">actions men\u00e9es<\/a> par la GRF<\/span><\/p>\n\n\n\n<div class=\"wp-block-group alignfull\"><div class=\"wp-block-group__inner-container is-layout-flow wp-block-group-is-layout-flow\">\n<div class=\"wp-block-columns alignfull is-layout-flex wp-container-core-columns-is-layout-9d6595d7 wp-block-columns-is-layout-flex\">\n<div class=\"wp-block-column is-layout-flow wp-block-column-is-layout-flow\" style=\"flex-basis:100%\"><\/div>\n<\/div>\n<\/div><\/div>\n\n\n\n<div style=\"height:40px\" aria-hidden=\"true\" class=\"wp-block-spacer\"><\/div>\n<\/div>\n<\/div>\n\n\n\n<p><\/p>\n","protected":false},"excerpt":{"rendered":"<p>La lutte pour les r\u00e9parations dans le contexte mauricien a commenc\u00e9 d\u00e8s 1968 avec la mise sur pied de l&rsquo;Organisation Fraternelle (OF). L&rsquo;OF \u00e9tait une ONG qui est rapidement entr\u00e9e\u00a0dans le champ d&rsquo;action politique\u00a0o\u00f9 elle a commenc\u00e9 en apportant\u00a0son soutien au nouveau parti politique, le MMM, pour les premi\u00e8res \u00e9lections de l&rsquo;\u00eele Maurice ind\u00e9pendante en [&hellip;]<\/p>\n","protected":false},"author":1,"featured_media":0,"parent":0,"menu_order":0,"comment_status":"closed","ping_status":"closed","template":"","meta":{"_regular_price":[],"currency_symbol":[],"footnotes":""},"class_list":["post-240","page","type-page","status-publish","hentry"],"post_slider_layout_featured_media_urls":{"thumbnail":"","post_slider_layout_landscape_large":"","post_slider_layout_portrait_large":"","post_slider_layout_square_large":"","post_slider_layout_landscape":"","post_slider_layout_portrait":"","post_slider_layout_square":"","full":""},"yoast_head":"<!-- This site is optimized with the Yoast SEO plugin v27.4 - https:\/\/yoast.com\/product\/yoast-seo-wordpress\/ -->\n<title>Notre lutte - Nos r\u00e9ussites depuis 1968 - Green Reparations Foundation<\/title>\n<meta name=\"description\" content=\"La lutte pour les r\u00e9parations dans le contexte mauricien a commenc\u00e9 d\u00e8s 1968 et apr\u00e8s des ann\u00e9es de lutte, voici nos plus grandes r\u00e9ussites.\" \/>\n<meta name=\"robots\" content=\"index, follow, max-snippet:-1, max-image-preview:large, max-video-preview:-1\" \/>\n<link rel=\"canonical\" href=\"https:\/\/greenreparationsfoundation.org\/?page_id=240\" \/>\n<meta property=\"og:locale\" content=\"fr_FR\" \/>\n<meta property=\"og:type\" content=\"article\" \/>\n<meta property=\"og:title\" content=\"Notre lutte - Nos r\u00e9ussites depuis 1968 - Green Reparations Foundation\" \/>\n<meta property=\"og:description\" content=\"La lutte pour les r\u00e9parations dans le contexte mauricien a commenc\u00e9 d\u00e8s 1968 et apr\u00e8s des ann\u00e9es de lutte, voici nos plus grandes r\u00e9ussites.\" \/>\n<meta property=\"og:url\" content=\"https:\/\/greenreparationsfoundation.org\/?page_id=240\" \/>\n<meta property=\"og:site_name\" content=\"Green Reparations Foundation\" \/>\n<meta property=\"article:modified_time\" content=\"2021-07-06T16:01:50+00:00\" \/>\n<meta name=\"twitter:card\" content=\"summary_large_image\" \/>\n<meta name=\"twitter:label1\" content=\"Dur\u00e9e de lecture estim\u00e9e\" \/>\n\t<meta name=\"twitter:data1\" content=\"1 minute\" \/>\n<script type=\"application\/ld+json\" class=\"yoast-schema-graph\">{\"@context\":\"https:\\\/\\\/schema.org\",\"@graph\":[{\"@type\":\"WebPage\",\"@id\":\"https:\\\/\\\/greenreparationsfoundation.org\\\/?page_id=240\",\"url\":\"https:\\\/\\\/greenreparationsfoundation.org\\\/?page_id=240\",\"name\":\"Notre lutte - Nos r\u00e9ussites depuis 1968 - Green Reparations Foundation\",\"isPartOf\":{\"@id\":\"https:\\\/\\\/greenreparationsfoundation.org\\\/#website\"},\"datePublished\":\"2021-06-14T17:26:12+00:00\",\"dateModified\":\"2021-07-06T16:01:50+00:00\",\"description\":\"La lutte pour les r\u00e9parations dans le contexte mauricien a commenc\u00e9 d\u00e8s 1968 et apr\u00e8s des ann\u00e9es de lutte, voici nos plus grandes r\u00e9ussites.\",\"breadcrumb\":{\"@id\":\"https:\\\/\\\/greenreparationsfoundation.org\\\/?page_id=240#breadcrumb\"},\"inLanguage\":\"fr-FR\",\"potentialAction\":[{\"@type\":\"ReadAction\",\"target\":[\"https:\\\/\\\/greenreparationsfoundation.org\\\/?page_id=240\"]}]},{\"@type\":\"BreadcrumbList\",\"@id\":\"https:\\\/\\\/greenreparationsfoundation.org\\\/?page_id=240#breadcrumb\",\"itemListElement\":[{\"@type\":\"ListItem\",\"position\":1,\"name\":\"Accueil\",\"item\":\"https:\\\/\\\/greenreparationsfoundation.org\\\/\"},{\"@type\":\"ListItem\",\"position\":2,\"name\":\"Nos r\u00e9ussites depuis 1968\"}]},{\"@type\":\"WebSite\",\"@id\":\"https:\\\/\\\/greenreparationsfoundation.org\\\/#website\",\"url\":\"https:\\\/\\\/greenreparationsfoundation.org\\\/\",\"name\":\"Green Reparations Foundation\",\"description\":\"\",\"potentialAction\":[{\"@type\":\"SearchAction\",\"target\":{\"@type\":\"EntryPoint\",\"urlTemplate\":\"https:\\\/\\\/greenreparationsfoundation.org\\\/?s={search_term_string}\"},\"query-input\":{\"@type\":\"PropertyValueSpecification\",\"valueRequired\":true,\"valueName\":\"search_term_string\"}}],\"inLanguage\":\"fr-FR\"}]}<\/script>\n<!-- \/ Yoast SEO plugin. -->","yoast_head_json":{"title":"Notre lutte - Nos r\u00e9ussites depuis 1968 - Green Reparations Foundation","description":"La lutte pour les r\u00e9parations dans le contexte mauricien a commenc\u00e9 d\u00e8s 1968 et apr\u00e8s des ann\u00e9es de lutte, voici nos plus grandes r\u00e9ussites.","robots":{"index":"index","follow":"follow","max-snippet":"max-snippet:-1","max-image-preview":"max-image-preview:large","max-video-preview":"max-video-preview:-1"},"canonical":"https:\/\/greenreparationsfoundation.org\/?page_id=240","og_locale":"fr_FR","og_type":"article","og_title":"Notre lutte - Nos r\u00e9ussites depuis 1968 - Green Reparations Foundation","og_description":"La lutte pour les r\u00e9parations dans le contexte mauricien a commenc\u00e9 d\u00e8s 1968 et apr\u00e8s des ann\u00e9es de lutte, voici nos plus grandes r\u00e9ussites.","og_url":"https:\/\/greenreparationsfoundation.org\/?page_id=240","og_site_name":"Green Reparations Foundation","article_modified_time":"2021-07-06T16:01:50+00:00","twitter_card":"summary_large_image","twitter_misc":{"Dur\u00e9e de lecture estim\u00e9e":"1 minute"},"schema":{"@context":"https:\/\/schema.org","@graph":[{"@type":"WebPage","@id":"https:\/\/greenreparationsfoundation.org\/?page_id=240","url":"https:\/\/greenreparationsfoundation.org\/?page_id=240","name":"Notre lutte - Nos r\u00e9ussites depuis 1968 - Green Reparations Foundation","isPartOf":{"@id":"https:\/\/greenreparationsfoundation.org\/#website"},"datePublished":"2021-06-14T17:26:12+00:00","dateModified":"2021-07-06T16:01:50+00:00","description":"La lutte pour les r\u00e9parations dans le contexte mauricien a commenc\u00e9 d\u00e8s 1968 et apr\u00e8s des ann\u00e9es de lutte, voici nos plus grandes r\u00e9ussites.","breadcrumb":{"@id":"https:\/\/greenreparationsfoundation.org\/?page_id=240#breadcrumb"},"inLanguage":"fr-FR","potentialAction":[{"@type":"ReadAction","target":["https:\/\/greenreparationsfoundation.org\/?page_id=240"]}]},{"@type":"BreadcrumbList","@id":"https:\/\/greenreparationsfoundation.org\/?page_id=240#breadcrumb","itemListElement":[{"@type":"ListItem","position":1,"name":"Accueil","item":"https:\/\/greenreparationsfoundation.org\/"},{"@type":"ListItem","position":2,"name":"Nos r\u00e9ussites depuis 1968"}]},{"@type":"WebSite","@id":"https:\/\/greenreparationsfoundation.org\/#website","url":"https:\/\/greenreparationsfoundation.org\/","name":"Green Reparations Foundation","description":"","potentialAction":[{"@type":"SearchAction","target":{"@type":"EntryPoint","urlTemplate":"https:\/\/greenreparationsfoundation.org\/?s={search_term_string}"},"query-input":{"@type":"PropertyValueSpecification","valueRequired":true,"valueName":"search_term_string"}}],"inLanguage":"fr-FR"}]}},"_links":{"self":[{"href":"https:\/\/greenreparationsfoundation.org\/index.php?rest_route=\/wp\/v2\/pages\/240","targetHints":{"allow":["GET"]}}],"collection":[{"href":"https:\/\/greenreparationsfoundation.org\/index.php?rest_route=\/wp\/v2\/pages"}],"about":[{"href":"https:\/\/greenreparationsfoundation.org\/index.php?rest_route=\/wp\/v2\/types\/page"}],"author":[{"embeddable":true,"href":"https:\/\/greenreparationsfoundation.org\/index.php?rest_route=\/wp\/v2\/users\/1"}],"replies":[{"embeddable":true,"href":"https:\/\/greenreparationsfoundation.org\/index.php?rest_route=%2Fwp%2Fv2%2Fcomments&post=240"}],"version-history":[{"count":11,"href":"https:\/\/greenreparationsfoundation.org\/index.php?rest_route=\/wp\/v2\/pages\/240\/revisions"}],"predecessor-version":[{"id":717,"href":"https:\/\/greenreparationsfoundation.org\/index.php?rest_route=\/wp\/v2\/pages\/240\/revisions\/717"}],"wp:attachment":[{"href":"https:\/\/greenreparationsfoundation.org\/index.php?rest_route=%2Fwp%2Fv2%2Fmedia&parent=240"}],"curies":[{"name":"wp","href":"https:\/\/api.w.org\/{rel}","templated":true}]}}